{"id":474,"date":"2024-03-17T20:37:34","date_gmt":"2024-03-17T20:37:34","guid":{"rendered":"https:\/\/www.koreneakotvy.eu\/?page_id=474"},"modified":"2024-03-20T04:40:09","modified_gmt":"2024-03-20T04:40:09","slug":"pribehy-nazory-genogram-ako-prvy-krok-ku-zlepseniu-sucasneho-stavu","status":"publish","type":"page","link":"https:\/\/www.koreneakotvy.eu\/?page_id=474","title":{"rendered":"Pr\u00edbehy &#038; n\u00e1zory &#8211; genogram ako prv\u00fd krok, zastavenie, zamyslenie a anal\u00fdza  s\u00fa\u010dasn\u00e9ho stavu."},"content":{"rendered":"\n<p><\/p>\n\n\n\n<p><strong>Pr\u00edbeh prv\u00fd &#8211; Vodou poroben\u00e9 ..<\/strong>.<\/p>\n\n\n\n<p>Odmali\u010dka sa boj\u00edm vody. Skorej som sa b\u00e1la o moje deti ke\u010f sa k\u00fapali v lete \u017ee sa utopia, teraz o vn\u00fa\u010dat\u00e1. A zistila som \u017ee m\u00f4j pradedo z otcovej strany, sp\u00e1chal samovra\u017edu t\u00fdm \u017ee sa utopil v studni. Jeho otec a aj otcov otec sa tie\u017e utopil v rieke &#8211; v\u0161etci samovrahovia. Tak sa len modl\u00edm aby to nebolo dedi\u010dne. Asi som viac g\u00e9nov zdedila z otcovej strany. To \u017ee sa utopili som zistili a\u017e teraz ako som za\u010dala robi\u0165 rodokme\u0148. Ak\u00e9 vz\u0165ahy vl\u00e1dli <a><\/a>medzi prarodi\u010dmi z otcovej strany a pre\u010do to spravili sa u\u017e nedozviem. Som najmlad\u0161ia z celej rodiny nik sa vody neboj\u00ed len ja. V\u0155talo a st\u00e1le mi v\u0155ta v hlave, \u017ee pre\u010do sa tak boj\u00edm \u017ee sa utopim ja alebo mo moji bl\u00edzky. Z maminej strany o predkoch, ako \u017eili a ak\u00ed boli, viem toho dos\u0165, lebo tam si medzi sebou odovzd\u00e1vali inform\u00e1cie a rozpr\u00e1vali sa o rodine.ale z otcovej strany sa ni\u010d nevedelo.<\/p>\n\n\n\n<p>(Marec 2024, anonym, mierne upraven\u00e9.)<\/p>\n","protected":false},"excerpt":{"rendered":"<p>Pr\u00edbeh prv\u00fd &#8211; Vodou poroben\u00e9 &#8230; Odmali\u010dka sa boj\u00edm vody. Skorej som sa b\u00e1la o moje deti ke\u010f sa k\u00fapali v lete \u017ee sa utopia, teraz o vn\u00fa\u010dat\u00e1. A zistila som \u017ee m\u00f4j pradedo z otcovej strany, sp\u00e1chal samovra\u017edu t\u00fdm \u017ee sa utopil v studni. Jeho otec a aj otcov otec sa tie\u017e utopil v &hellip; <\/p>\n","protected":false},"author":1,"featured_media":0,"parent":0,"menu_order":0,"comment_status":"closed","ping_status":"closed","template":"","meta":{"footnotes":""},"class_list":["post-474","page","type-page","status-publish","hentry","latest_post"],"_links":{"self":[{"href":"https:\/\/www.koreneakotvy.eu\/index.php?rest_route=\/wp\/v2\/pages\/474","targetHints":{"allow":["GET"]}}],"collection":[{"href":"https:\/\/www.koreneakotvy.eu\/index.php?rest_route=\/wp\/v2\/pages"}],"about":[{"href":"https:\/\/www.koreneakotvy.eu\/index.php?rest_route=\/wp\/v2\/types\/page"}],"author":[{"embeddable":true,"href":"https:\/\/www.koreneakotvy.eu\/index.php?rest_route=\/wp\/v2\/users\/1"}],"replies":[{"embeddable":true,"href":"https:\/\/www.koreneakotvy.eu\/index.php?rest_route=%2Fwp%2Fv2%2Fcomments&post=474"}],"version-history":[{"count":3,"href":"https:\/\/www.koreneakotvy.eu\/index.php?rest_route=\/wp\/v2\/pages\/474\/revisions"}],"predecessor-version":[{"id":510,"href":"https:\/\/www.koreneakotvy.eu\/index.php?rest_route=\/wp\/v2\/pages\/474\/revisions\/510"}],"wp:attachment":[{"href":"https:\/\/www.koreneakotvy.eu\/index.php?rest_route=%2Fwp%2Fv2%2Fmedia&parent=474"}],"curies":[{"name":"wp","href":"https:\/\/api.w.org\/{rel}","templated":true}]}}