{"id":50,"date":"2024-01-13T19:55:37","date_gmt":"2024-01-13T19:55:37","guid":{"rendered":"https:\/\/www.koreneakotvy.eu\/?page_id=50"},"modified":"2024-03-05T11:03:31","modified_gmt":"2024-03-05T11:03:31","slug":"korene-a-kotvy-otazky-pre-strukturovany-rozhovor","status":"publish","type":"page","link":"https:\/\/www.koreneakotvy.eu\/?page_id=50","title":{"rendered":"Korene &amp; kotvy: Ot\u00e1zky pre \u0161trukturovan\u00fd rozhovor o rodinnej hist\u00f3rii &#8211; rodi\u010doch a minul\u00fdch predkoch (transgenera\u010dn\u00fd prenos)"},"content":{"rendered":"\n<h3 class=\"wp-block-heading\">RODINA &amp; DOMOVINA \u2013 pr\u00edtomnos\u0165 a minulos\u0165<\/h3>\n\n\n\n<p><em><strong>Nesiete si v sebe nie\u010do zo \u017eivota svojich minul\u00fdch predkov? \u010co v\u0161etko o tom\/o nich viete?<\/strong><\/em>  <em>(Sklony a vlohy, charakter a temperament, konflikty, traumy &#8230;)<\/em><\/p>\n\n\n\n<p><em><strong>Oslovuje V\u00e1s v s\u00fa\u010dasnosti t\u00e9ma \u201ehist\u00f3ria na\u0161ej rodiny\u201c? Ako ve\u013emi? ( \u2026\u2026\u2026. %)<\/strong><\/em><\/p>\n\n\n\n<p><strong><em>Ako s\u00e1m\/a hodnot\u00edte svoje vedomosti a znalosti o Va\u0161ej \u201erodinnej kronike\u201c? (\u2026\u2026\u2026.. %)<\/em><\/strong><\/p>\n\n\n\n<p><strong><em>Predstavte v kr\u00e1tkosti seba a svoju rodinu \u2026<\/em><\/strong><\/p>\n\n\n\n<p><em><strong>\u010co viete o svojich rodi\u010doch a ich vz\u00e1jemnom vz\u0165ahu? A \u010do va\u0161i s\u00farodenci? Poch\u00e1dzate z \u00faplnej a funk\u010dnej rodiny?<\/strong><\/em> <\/p>\n\n\n\n<p><strong><em>\u010co viete o rodi\u010doch svojich rodi\u010dov, tzn. Va\u0161ich star\u00fdch rodi\u010doch? Mali ste mo\u017enos\u0165 ich pozna\u0165 osobne, alebo aspo\u0148 sprostredkovane, z rozpr\u00e1vania in\u00fdch?<\/em><\/strong><\/p>\n\n\n\n<p><strong><em>\u010co v\u0161etko viete o svojich d\u00e1vnej\u0161\u00edch predkoch (pra-rodi\u010doch, prapra-rodi\u010doch, atd.)? M\u00e1te na nich nejak\u00e9 pamiatky (predmety, fotky, atp.) ? Do akej miery pozn\u00e1te ich &#8222;pr\u00edbehy&#8220; a ich minulos\u0165? (\u2026\u2026\u2026. %)<\/em><\/strong><\/p>\n\n\n\n<p><strong><em>Ktor\u00e9 udalosti z va\u0161ej rodinnej kroniky pod\u013ea V\u00e1s stoja za zmienku?<\/em><\/strong> <strong><em>A \u010do tie, o ktor\u00fdch sa rad\u0161ej nehovorilo a nehovor\u00ed?<\/em><\/strong><\/p>\n\n\n\n<p><strong><em>A ktor\u00ed \u013eudia? M\u00e1te nejak\u00e9ho osobn\u00e9ho \u201efavorita\u201c \u010di \u201efavoritku va\u0161ej rodiny?\u201c<\/em><\/strong><\/p>\n\n\n\n<p><strong><em>M\u00e1te aj nejak\u00fdch verejne \u010dinn\u00fdch, zn\u00e1mych \u010di dokonca \u201esl\u00e1vnych\u201c predkov?<\/em><\/strong><\/p>\n\n\n\n<p><strong><em>M\u00e1te v rodinnej hist\u00f3rii nejak\u00e9 \u201epoklady\u201c?<\/em><\/strong> <\/p>\n\n\n\n<p><strong><em>Za\u017eili resp. dozvedeli ste sa aj nejak\u00e9 \u201eprobl\u00e9my \u010di konflikty\u201c, ktor\u00e9 by sa dali ozna\u010di\u0165 ako \u201etiene\u201c, tzn. o ktor\u00fdch obvykle nechcete hovori\u0165?<\/em><\/strong><\/p>\n\n\n\n<p><strong><em>\u010co si predstavuje pod pojmom \u201erodinn\u00fd stres pr\u00edp. rodinn\u00e1 trauma\u201c? V rodin\u00e1ch sa objavuje aj dom\u00e1ce n\u00e1silie, zneu\u017e\u00edvnie, krivda, nespravodlivos\u0165 atp. ? M\u00e1te aj tak\u00fato skusenos\u0165 s \u013eu\u010fmi, ktor\u00ed V\u00e1s obklopovali \u010di st\u00e1le obklopuj\u00fa?<\/em><\/strong><\/p>\n\n\n\n<p><strong><em>Ak m\u00e1te tak\u00fato negat\u00edvnu sk\u00fasenos\u0165, mal\/a ste \u010di m\u00e1te mo\u017enos\u0165 s niek\u00fdm hovori\u0165 &#8211; otvorene a \u00faprimne aj o (tak\u00fdchto) nepr\u00edjemn\u00fdch veciach ?<\/em><\/strong><\/p>\n\n\n\n<p><em><strong>Koho pova\u017eujete v s\u00fa\u010dasnej dobe za svoju rodinu? Dok\u00e1\u017eete tieto osoby vymenova\u0165 a pr\u00edp. aj charakterizova\u0165 \u010di aspo\u0148 pop\u00edsa\u0165?<\/strong><\/em><\/p>\n\n\n\n<h3 class=\"wp-block-heading\"><strong>KORENE &amp; KOTVY<\/strong><\/h3>\n\n\n\n<p><strong><em>&#8211; \u010co je pre V\u00e1s \u201edomov\u201c a \u201edomovina\u201c? A kde sa nach\u00e1dza \u201eV\u00e1\u0161 domov\u201c a \u201eVa\u0161a domovina\u201c?<\/em><\/strong><\/p>\n\n\n\n<p><strong><em>&#8211; Vymenujte aspo\u0148 troch Va\u0161ich bl\u00edzkych &#8211; \u013eud\u00ed, ktor\u00fdch naozaj r\u00e1d\/a vid\u00edte.<\/em><\/strong><\/p>\n\n\n\n<p><strong><em>&#8211; Pop\u00ed\u0161te aspo\u0148 tri miesta , kde sa dobre c\u00edtite, kam sa r\u00e1d\/a vraciate, na ktor\u00e9 r\u00e1d\/a spom\u00ednate?<\/em><\/strong><\/p>\n\n\n\n<p>Zostavil: PhDr. Pavel Be\u0148o<\/p>\n\n\n\n<p>Dotazy, pripomienky a n\u00e1vrhy (aj na spolupr\u00e1cu) posielajte l\u00e1skavo na e-mailov\u00fa adresu: <em><strong>info@koreneakotvy.eu<\/strong><\/em><\/p>\n\n\n\n<p class=\"has-text-align-right\"><\/p>\n\n\n\n<p><\/p>\n","protected":false},"excerpt":{"rendered":"<p>RODINA &amp; DOMOVINA \u2013 pr\u00edtomnos\u0165 a minulos\u0165 Nesiete si v sebe nie\u010do zo \u017eivota svojich minul\u00fdch predkov? \u010co v\u0161etko o tom\/o nich viete? (Sklony a vlohy, charakter a temperament, konflikty, traumy &#8230;) Oslovuje V\u00e1s v s\u00fa\u010dasnosti t\u00e9ma \u201ehist\u00f3ria na\u0161ej rodiny\u201c? Ako ve\u013emi? ( \u2026\u2026\u2026. %) Ako s\u00e1m\/a hodnot\u00edte svoje vedomosti a znalosti o Va\u0161ej \u201erodinnej &hellip; <\/p>\n","protected":false},"author":1,"featured_media":0,"parent":0,"menu_order":0,"comment_status":"closed","ping_status":"closed","template":"","meta":{"footnotes":""},"class_list":["post-50","page","type-page","status-publish","hentry","latest_post"],"_links":{"self":[{"href":"https:\/\/www.koreneakotvy.eu\/index.php?rest_route=\/wp\/v2\/pages\/50","targetHints":{"allow":["GET"]}}],"collection":[{"href":"https:\/\/www.koreneakotvy.eu\/index.php?rest_route=\/wp\/v2\/pages"}],"about":[{"href":"https:\/\/www.koreneakotvy.eu\/index.php?rest_route=\/wp\/v2\/types\/page"}],"author":[{"embeddable":true,"href":"https:\/\/www.koreneakotvy.eu\/index.php?rest_route=\/wp\/v2\/users\/1"}],"replies":[{"embeddable":true,"href":"https:\/\/www.koreneakotvy.eu\/index.php?rest_route=%2Fwp%2Fv2%2Fcomments&post=50"}],"version-history":[{"count":16,"href":"https:\/\/www.koreneakotvy.eu\/index.php?rest_route=\/wp\/v2\/pages\/50\/revisions"}],"predecessor-version":[{"id":397,"href":"https:\/\/www.koreneakotvy.eu\/index.php?rest_route=\/wp\/v2\/pages\/50\/revisions\/397"}],"wp:attachment":[{"href":"https:\/\/www.koreneakotvy.eu\/index.php?rest_route=%2Fwp%2Fv2%2Fmedia&parent=50"}],"curies":[{"name":"wp","href":"https:\/\/api.w.org\/{rel}","templated":true}]}}