{"id":536,"date":"2024-03-22T09:44:06","date_gmt":"2024-03-22T09:44:06","guid":{"rendered":"https:\/\/www.koreneakotvy.eu\/?page_id=536"},"modified":"2024-03-22T09:44:06","modified_gmt":"2024-03-22T09:44:06","slug":"genogramove-interview","status":"publish","type":"page","link":"https:\/\/www.koreneakotvy.eu\/?page_id=536","title":{"rendered":"Genogramov\u00e9 interview"},"content":{"rendered":"\n<p>(in Jana T\u00f3thov\u00e1, \u00davod do transgenera\u010dn\u00ed psychologie rodiny, Port\u00e1l Praha, 2011, str.144)<\/p>\n\n\n\n<p><strong>Biografick\u00e9 a demografick\u00e9 \u00fadaje o rodine<\/strong><\/p>\n\n\n\n<ul class=\"wp-block-list\">\n<li>Zaznamenanie trojgenera\u010dne kon\u0161tel\u00e1cie rodiny (nukle\u00e1rnej a p\u00f4vodnej rodiny).<\/li>\n\n\n\n<li>Doplnenie s\u00farodeneck\u00fdch kon\u0161tel\u00e1ci\u00ed rod\u010diov a pr\u00edp. aj prarodi\u010dov.<\/li>\n\n\n\n<li>Upresnenie \u0161pecifick\u00fdch foriem rodinn\u00e9ho spolu\u017eitia \u010di alternat\u00edvnych foriem rodinn\u00fdch konfigur\u00e1ci\u00ed: rodina s jedn\u00fdmrodi\u010dom, doplnen\u00e9 rodiny, ne\u00fapln\u00e9 rodiny, rozvod, rozchod, viacn\u00e1sobn\u00e9 man\u017eelstv\u00e1, adopcie, pest\u00fanska starostlivos\u0165, atp.).<\/li>\n\n\n\n<li>Individu\u00e1lne biografick\u00e9 \u00fadaje: d\u00e1tum narodenia, \u00famrtia, choroby\/uzdravenia, nenormat\u00edvne udalosti, partnerstva, man\u017eelstva, rozchodu, rozvodu, atd. .<\/li>\n\n\n\n<li>Horizont\u00e1lny kontext rodinn\u00e9ho syst\u00e9mu: komunity, in\u0161tit\u00facie, priatelia.<\/li>\n\n\n\n<li>Etnick\u00fd, kult\u00farny, socioekonomick\u00fd, politick\u00fd, historick\u00fd, n\u00e1bo\u017eensk\u00fd kontext rodiny.<\/li>\n\n\n\n<li>Zaznamenanie ch\u00fdbaj\u00facich inform\u00e1ci\u00ed alebo v\u00fdznamov\u00fdch diskrepanci\u00ed.<\/li>\n<\/ul>\n\n\n\n<p><strong>Vz\u0165ahov\u00e9 a emo\u010dn\u00e9 \u00fadaje o rodine<\/strong><\/p>\n\n\n\n<ul class=\"wp-block-list\">\n<li>Interagener\u010dn\u00e9 a transgenera\u010dn\u00e9 emo\u010dn\u00e9 preru\u0161enie.<\/li>\n\n\n\n<li>Medzigenera\u010dn\u00e9 koal\u00edcie a vz\u0165ahov\u00e9 triangul\u00e1cie.<\/li>\n\n\n\n<li>Rodinn\u00e1 atmosf\u00e9ra v dobe narodenia ur\u010ditej osoby: reakcie, n\u00e1deje, sny a obavy rodiny.<\/li>\n\n\n\n<li>Rodinn\u00e1 atmosf\u00e9ra v dobe \u00famrtia ur\u010dit\u00e9ho rodinn\u00e9ho \u010dlena, reakcia ostatn\u00fdch rodinn\u00fdch \u010dlenov:<\/li>\n\n\n\n<li>Pre koho bola rodinn\u00e1 strata najhlb\u0161ia, menej v\u00e1\u017ena \u010di dokonca nepodstatn\u00e1? Kto sa postaral o v\u0161etky formality s\u00favisiace s \u00famrt\u00edm? Kto bol najv\u00e4\u010d\u0161ou\/najmen\u0161ou podporou? Kto sa pohrebu nez\u00fa\u010dastnil?<\/li>\n<\/ul>\n\n\n\n<p><strong>Zachytenie aktu\u00e1lneho probl\u00e9mu prostredn\u00edctvom genogramu<\/strong><\/p>\n\n\n\n<ul class=\"wp-block-list\">\n<li>Ktor\u00fdch \u010dlenov rodiny sa aktu\u00e1lny probl\u00e9m rodiny t\u00fdka?<\/li>\n\n\n\n<li>Ako ka\u017ed\u00fd z nich vid\u00ed a ch\u00e1pe tento probl\u00e9m? Ako na probl\u00e9m reaguje?<\/li>\n\n\n\n<li>Vyskytol sa podobn\u00fd probl\u00e9m niekedy v rodinnej hist\u00f3rii? Ak\u00e9 rie\u0161enia boli pou\u017eit\u00e9? Ak\u00e9 rie\u0161enia by skuto\u010dne pomohli? Kto rie\u0161enie inicioval a realizoval?<\/li>\n\n\n\n<li>Za ak\u00fdch okolnost\u00ed a v akom obdob\u00ed sa probl\u00e9m objavil? Kto si ho v\u0161imol ako prv\u00fd?<\/li>\n\n\n\n<li>Boli rodinn\u00e9 vz\u0165ahy odli\u0161n\u00e9, k\u00fdm sa probl\u00e9m objavil? Ako sa potom zmenili?<\/li>\n\n\n\n<li>Ak\u00e9 in\u00e9 probl\u00e9my sa v rodine vyskytuj\u00fa?<\/li>\n<\/ul>\n\n\n\n<p>( Z \u010de\u0161tiny prelo\u017eil PhDr. Pavel Be\u0148o)<\/p>\n","protected":false},"excerpt":{"rendered":"<p>(in Jana T\u00f3thov\u00e1, \u00davod do transgenera\u010dn\u00ed psychologie rodiny, Port\u00e1l Praha, 2011, str.144) Biografick\u00e9 a demografick\u00e9 \u00fadaje o rodine Vz\u0165ahov\u00e9 a emo\u010dn\u00e9 \u00fadaje o rodine Zachytenie aktu\u00e1lneho probl\u00e9mu prostredn\u00edctvom genogramu ( Z \u010de\u0161tiny prelo\u017eil PhDr. Pavel Be\u0148o)<\/p>\n","protected":false},"author":1,"featured_media":0,"parent":0,"menu_order":0,"comment_status":"closed","ping_status":"closed","template":"","meta":{"footnotes":""},"class_list":["post-536","page","type-page","status-publish","hentry","latest_post"],"_links":{"self":[{"href":"https:\/\/www.koreneakotvy.eu\/index.php?rest_route=\/wp\/v2\/pages\/536","targetHints":{"allow":["GET"]}}],"collection":[{"href":"https:\/\/www.koreneakotvy.eu\/index.php?rest_route=\/wp\/v2\/pages"}],"about":[{"href":"https:\/\/www.koreneakotvy.eu\/index.php?rest_route=\/wp\/v2\/types\/page"}],"author":[{"embeddable":true,"href":"https:\/\/www.koreneakotvy.eu\/index.php?rest_route=\/wp\/v2\/users\/1"}],"replies":[{"embeddable":true,"href":"https:\/\/www.koreneakotvy.eu\/index.php?rest_route=%2Fwp%2Fv2%2Fcomments&post=536"}],"version-history":[{"count":2,"href":"https:\/\/www.koreneakotvy.eu\/index.php?rest_route=\/wp\/v2\/pages\/536\/revisions"}],"predecessor-version":[{"id":538,"href":"https:\/\/www.koreneakotvy.eu\/index.php?rest_route=\/wp\/v2\/pages\/536\/revisions\/538"}],"wp:attachment":[{"href":"https:\/\/www.koreneakotvy.eu\/index.php?rest_route=%2Fwp%2Fv2%2Fmedia&parent=536"}],"curies":[{"name":"wp","href":"https:\/\/api.w.org\/{rel}","templated":true}]}}